{"id":22,"date":"2015-10-28T15:48:42","date_gmt":"2015-10-28T14:48:42","guid":{"rendered":"https:\/\/mbooutdoor.com\/?page_id=22"},"modified":"2022-10-29T16:39:43","modified_gmt":"2022-10-29T16:39:43","slug":"3e-jaar-wilderness","status":"publish","type":"page","link":"https:\/\/mbooutdoor.com\/fr\/3e-jaar-wilderness\/","title":{"rendered":"3\u00e8me ann\u00e9e Nature sauvage"},"content":{"rendered":"<div class=\"wpb-content-wrapper\"><div class=\"vc_row wpb_row vc_row-fluid\" ><div class=\"wpb_column vc_column_container vc_col-sm-12\"><div class=\"vc_column-inner\"><div class=\"wpb_wrapper\">\n\t<div class=\"wpb_text_column wpb_content_element\" >\n\t\t<div class=\"wpb_wrapper\">\n\t\t\t<p>Guide Nature 3\u00e8me ann\u00e9e<br \/>\n\u00c0 l&#039;\u00e9tranger<br \/>\n3 semaines Canada (septembre)<br \/>\n1 semaine de stage hivernal dans le Jura<\/p>\n<p>Journ\u00e9es d&#039;enseignement le jeudi et le vendredi. De plus, l&#039;horaire d\u00e9pend du choix de la sp\u00e9cialisation et il peut \u00e9galement y avoir des journ\u00e9es d&#039;enseignement le mercredi et le week-end. Plusieurs semaines de formation\/enseignement de plusieurs jours sont \u00e9galement pr\u00e9vues.<\/p>\n<p><img loading=\"lazy\" decoding=\"async\" class=\"alignnone size-full wp-image-6262\" src=\"https:\/\/mbooutdoor.com\/wp-content\/uploads\/2022\/04\/dsc_2318.webp\" alt=\"\" width=\"660\" height=\"438\" srcset=\"https:\/\/mbooutdoor.com\/wp-content\/uploads\/2022\/04\/dsc_2318.webp 660w, https:\/\/mbooutdoor.com\/wp-content\/uploads\/2022\/04\/dsc_2318-300x199.webp 300w, https:\/\/mbooutdoor.com\/wp-content\/uploads\/2022\/04\/dsc_2318-600x398.webp 600w\" sizes=\"auto, (max-width: 660px) 100vw, 660px\" \/><\/p>\n<p>* Guide de la nature<br \/>\n-Guide de la nature (instructeur canadien de survie et de voyage dans les bois, niveau 1)<br \/>\n(WGA Guide Bor\u00e9al \/ Nemoral Niveau 1 ou 2)<\/p>\n<p>&nbsp;<\/p>\n<p><img loading=\"lazy\" decoding=\"async\" class=\"alignnone wp-image-6263 size-large\" src=\"https:\/\/mbooutdoor.com\/wp-content\/uploads\/2022\/04\/winter-is-here-1024x631.jpg\" alt=\"\" width=\"1024\" height=\"631\" srcset=\"https:\/\/mbooutdoor.com\/wp-content\/uploads\/2022\/04\/winter-is-here-1024x631.jpg 1024w, https:\/\/mbooutdoor.com\/wp-content\/uploads\/2022\/04\/winter-is-here-300x185.jpg 300w, https:\/\/mbooutdoor.com\/wp-content\/uploads\/2022\/04\/winter-is-here-768x473.jpg 768w, https:\/\/mbooutdoor.com\/wp-content\/uploads\/2022\/04\/winter-is-here-600x370.jpg 600w, https:\/\/mbooutdoor.com\/wp-content\/uploads\/2022\/04\/winter-is-here.jpg 1440w\" sizes=\"auto, (max-width: 1024px) 100vw, 1024px\" \/><\/p>\n<p><img loading=\"lazy\" decoding=\"async\" class=\"alignnone size-full wp-image-6264\" src=\"https:\/\/mbooutdoor.com\/wp-content\/uploads\/2022\/04\/wga.webp\" alt=\"\" width=\"150\" height=\"110\" \/> \u00a0<img loading=\"lazy\" decoding=\"async\" class=\"alignnone size-large wp-image-6265\" src=\"https:\/\/mbooutdoor.com\/wp-content\/uploads\/2022\/04\/wga-guide.png\" alt=\"\" width=\"122\" height=\"121\" srcset=\"https:\/\/mbooutdoor.com\/wp-content\/uploads\/2022\/04\/wga-guide.png 122w, https:\/\/mbooutdoor.com\/wp-content\/uploads\/2022\/04\/wga-guide-100x100.png 100w\" sizes=\"auto, (max-width: 122px) 100vw, 122px\" \/><\/p>\n<p>&nbsp;<\/p>\n<p><img loading=\"lazy\" decoding=\"async\" class=\"alignnone wp-image-6266 size-large\" src=\"https:\/\/mbooutdoor.com\/wp-content\/uploads\/2022\/04\/iga-1-1024x768.jpg\" alt=\"\" width=\"1024\" height=\"768\" srcset=\"https:\/\/mbooutdoor.com\/wp-content\/uploads\/2022\/04\/iga-1-1024x768.jpg 1024w, https:\/\/mbooutdoor.com\/wp-content\/uploads\/2022\/04\/iga-1-300x225.jpg 300w, https:\/\/mbooutdoor.com\/wp-content\/uploads\/2022\/04\/iga-1-768x576.jpg 768w, https:\/\/mbooutdoor.com\/wp-content\/uploads\/2022\/04\/iga-1-1536x1152.jpg 1536w, https:\/\/mbooutdoor.com\/wp-content\/uploads\/2022\/04\/iga-1-600x450.jpg 600w, https:\/\/mbooutdoor.com\/wp-content\/uploads\/2022\/04\/iga-1.jpg 1632w\" sizes=\"auto, (max-width: 1024px) 100vw, 1024px\" \/><\/p>\n<p>&nbsp;<\/p>\n<p>&nbsp;<\/p>\n<p><img loading=\"lazy\" decoding=\"async\" class=\"alignnone size-large wp-image-6267\" src=\"https:\/\/mbooutdoor.com\/wp-content\/uploads\/2022\/04\/img_0002-1024x576.jpg\" alt=\"\" width=\"1024\" height=\"576\" srcset=\"https:\/\/mbooutdoor.com\/wp-content\/uploads\/2022\/04\/img_0002-1024x576.jpg 1024w, https:\/\/mbooutdoor.com\/wp-content\/uploads\/2022\/04\/img_0002-300x169.jpg 300w, https:\/\/mbooutdoor.com\/wp-content\/uploads\/2022\/04\/img_0002-768x432.jpg 768w, https:\/\/mbooutdoor.com\/wp-content\/uploads\/2022\/04\/img_0002-1536x864.jpg 1536w, https:\/\/mbooutdoor.com\/wp-content\/uploads\/2022\/04\/img_0002-87x50.jpg 87w, https:\/\/mbooutdoor.com\/wp-content\/uploads\/2022\/04\/img_0002-600x338.jpg 600w, https:\/\/mbooutdoor.com\/wp-content\/uploads\/2022\/04\/img_0002.jpg 1920w\" sizes=\"auto, (max-width: 1024px) 100vw, 1024px\" \/><\/p>\n<p>*Nature et faune<strong><br \/>\n<\/strong>-Sp\u00e9cialiste du suivi<br \/>\n-Guide nature et faune niveau 2<br \/>\n-Guide d&#039;interpr\u00e9tation (apprenti)<\/p>\n\n\t\t<\/div>\n\t<\/div>\n\n\t<div  class=\"wpb_single_image wpb_content_element vc_align_left wpb_content_element\">\n\t\t\n\t\t<figure class=\"wpb_wrapper vc_figure\">\n\t\t\t<div class=\"vc_single_image-wrapper   vc_box_border_grey\"><img decoding=\"async\" class=\"vc_single_image-img\" src=\"https:\/\/mbooutdoor.com\/wp-content\/uploads\/2022\/05\/interpretive-guide-600x400.jpg\" width=\"600\" height=\"400\" alt=\"interpretive guide\" title=\"guide d&#039;interpr\u00e9tation\" loading=\"lazy\" \/><\/div>\n\t\t<\/figure>\n\t<\/div>\n\n\t<div class=\"wpb_text_column wpb_content_element\" >\n\t\t<div class=\"wpb_wrapper\">\n\t\t\t<p>*Sauvetage<br \/>\n-Premiers secours m\u00e9dicaux<br \/>\n-Premiers secours en milieu sauvage<br \/>\n-Sauvetage avanc\u00e9 sur corde<br \/>\n\u2013 Recherche et recherche<\/p>\n<p>* Marketing, gestion, logistique et organisation<\/p>\n<p>*Sports r\u00e9cr\u00e9atifs de plein air<\/p>\n<p>*Entra\u00eeneur de course \u00e0 pied, de fitness et de survie<\/p>\n<p>* Stage (il existe plusieurs p\u00e9riodes pendant lesquelles on peut effectuer un stage, tout au long de l&#039;ann\u00e9e scolaire)<\/p>\n<p>Sujets AVO<br \/>\n* N\u00e9erlandais 3F<br \/>\n* Anglais B2<br \/>\n* Arithm\u00e9tique \/ Math\u00e9matiques 3F<br \/>\n*Citoyennet\u00e9<br \/>\n(orient\u00e9 vers le fran\u00e7ais et l&#039;allemand)<\/p>\n<p><a href=\"https:\/\/mbooutdoor.com\/fr\/downloads\/\">T\u00e9l\u00e9chargements<\/a><\/p>\n\n\t\t<\/div>\n\t<\/div>\n<div class=\"vc_empty_space\"   style=\"height: 32px\"><span class=\"vc_empty_space_inner\"><\/span><\/div>\n\t<div class=\"wpb_video_widget wpb_content_element vc_clearfix   vc_video-aspect-ratio-169 vc_video-el-width-100 vc_video-align-left\" >\n\t\t<div class=\"wpb_wrapper\">\n\t\t\t\n\t\t\t<div class=\"wpb_video_wrapper\"><iframe loading=\"lazy\" title=\"Canada solo 2021\" src=\"https:\/\/player.vimeo.com\/video\/661757381?dnt=1&amp;app_id=122963\" width=\"500\" height=\"281\" frameborder=\"0\" allow=\"autoplay; fullscreen; picture-in-picture\"><\/iframe><\/div>\n\t\t<\/div>\n\t<\/div>\n<\/div><\/div><\/div><\/div>\n<\/div>","protected":false},"excerpt":{"rendered":"3\u00e8me ann\u00e9e Guide de Nature \u00e0 l&#039;Etranger 3 semaines Canada (septembre) 1 semaine de stage hivernal dans le Jura Journ\u00e9es de cours le jeudi et le vendredi. De plus, l&#039;horaire d\u00e9pend du choix de la sp\u00e9cialisation et il peut \u00e9galement y avoir des journ\u00e9es d&#039;enseignement le mercredi et le week-end. Plusieurs semaines de formation\/enseignement de plusieurs jours sont \u00e9galement pr\u00e9vues. * Guide de la nature -Guide de la nature (Instructeur canadien de survie et de voyage dans les bois, niveau 1) (Guide WGA Boreal \/ Nemoral Niveau 1 sur 2) * Nature et faune -Sp\u00e9cialiste du pistage -Guide de la nature et de la faune niveau 2 -Guide d&#039;interpr\u00e9tation (apprenti) * Sauvetage - Medic First Aid -Wilderness First Aid -Advanced Rope Rescue - Search &amp; Resue * Marketing, gestion, logistique et organisation * Sports r\u00e9cr\u00e9atifs de plein air * Course \u00e0 pied, conditionnement, entra\u00eenement de course \u00e0 pied de survie * Stage (il y a plusieurs p\u00e9riodes pendant lesquelles on peut faire un stage, pendant toute l&#039;ann\u00e9e scolaire) Mati\u00e8res AVO * N\u00e9erlandais 3F * Anglais B2 * Arithm\u00e9tique \/ math\u00e9matiques 3F * Citoyennet\u00e9 (orient\u00e9e mati\u00e8re fran\u00e7aise et allemande) T\u00e9l\u00e9chargements","protected":false},"author":4,"featured_media":0,"parent":0,"menu_order":0,"comment_status":"closed","ping_status":"closed","template":"","meta":{"footnotes":""},"class_list":["post-22","page","type-page","status-publish","hentry"],"yoast_head":"<!-- This site is optimized with the Yoast SEO plugin v27.3 - https:\/\/yoast.com\/product\/yoast-seo-wordpress\/ -->\n<title>3e jaar Wilderness - MBOOutdoor.com<\/title>\n<meta name=\"robots\" content=\"index, follow, max-snippet:-1, max-image-preview:large, max-video-preview:-1\" \/>\n<link rel=\"canonical\" href=\"https:\/\/mbooutdoor.com\/fr\/3e-jaar-wilderness\/\" \/>\n<meta property=\"og:locale\" content=\"fr_FR\" \/>\n<meta property=\"og:type\" content=\"article\" \/>\n<meta property=\"og:title\" content=\"3e jaar Wilderness - MBOOutdoor.com\" \/>\n<meta property=\"og:url\" content=\"https:\/\/mbooutdoor.com\/fr\/3e-jaar-wilderness\/\" \/>\n<meta property=\"og:site_name\" content=\"MBOOutdoor.com\" \/>\n<meta property=\"article:publisher\" content=\"https:\/\/www.facebook.com\/VoshaarOutdoorandEducation\" \/>\n<meta property=\"article:modified_time\" content=\"2022-10-29T16:39:43+00:00\" \/>\n<meta property=\"og:image\" content=\"https:\/\/mbooutdoor.com\/wp-content\/uploads\/2022\/04\/dsc_2318.webp\" \/>\n<meta name=\"twitter:card\" content=\"summary_large_image\" \/>\n<meta name=\"twitter:label1\" content=\"Dur\u00e9e de lecture estim\u00e9e\" \/>\n\t<meta name=\"twitter:data1\" content=\"2 minutes\" \/>\n<script type=\"application\/ld+json\" class=\"yoast-schema-graph\">{\"@context\":\"https:\\\/\\\/schema.org\",\"@graph\":[{\"@type\":\"WebPage\",\"@id\":\"https:\\\/\\\/mbooutdoor.com\\\/3e-jaar-wilderness\\\/\",\"url\":\"https:\\\/\\\/mbooutdoor.com\\\/3e-jaar-wilderness\\\/\",\"name\":\"3e jaar Wilderness - MBOOutdoor.com\",\"isPartOf\":{\"@id\":\"https:\\\/\\\/mbooutdoor.com\\\/#website\"},\"primaryImageOfPage\":{\"@id\":\"https:\\\/\\\/mbooutdoor.com\\\/3e-jaar-wilderness\\\/#primaryimage\"},\"image\":{\"@id\":\"https:\\\/\\\/mbooutdoor.com\\\/3e-jaar-wilderness\\\/#primaryimage\"},\"thumbnailUrl\":\"https:\\\/\\\/mbooutdoor.com\\\/wp-content\\\/uploads\\\/2022\\\/04\\\/dsc_2318.webp\",\"datePublished\":\"2015-10-28T14:48:42+00:00\",\"dateModified\":\"2022-10-29T16:39:43+00:00\",\"breadcrumb\":{\"@id\":\"https:\\\/\\\/mbooutdoor.com\\\/3e-jaar-wilderness\\\/#breadcrumb\"},\"inLanguage\":\"fr-FR\",\"potentialAction\":[{\"@type\":\"ReadAction\",\"target\":[\"https:\\\/\\\/mbooutdoor.com\\\/3e-jaar-wilderness\\\/\"]}]},{\"@type\":\"ImageObject\",\"inLanguage\":\"fr-FR\",\"@id\":\"https:\\\/\\\/mbooutdoor.com\\\/3e-jaar-wilderness\\\/#primaryimage\",\"url\":\"https:\\\/\\\/mbooutdoor.com\\\/wp-content\\\/uploads\\\/2022\\\/04\\\/dsc_2318.webp\",\"contentUrl\":\"https:\\\/\\\/mbooutdoor.com\\\/wp-content\\\/uploads\\\/2022\\\/04\\\/dsc_2318.webp\"},{\"@type\":\"BreadcrumbList\",\"@id\":\"https:\\\/\\\/mbooutdoor.com\\\/3e-jaar-wilderness\\\/#breadcrumb\",\"itemListElement\":[{\"@type\":\"ListItem\",\"position\":1,\"name\":\"Home\",\"item\":\"https:\\\/\\\/mbooutdoor.com\\\/\"},{\"@type\":\"ListItem\",\"position\":2,\"name\":\"3e jaar Wilderness\"}]},{\"@type\":\"WebSite\",\"@id\":\"https:\\\/\\\/mbooutdoor.com\\\/#website\",\"url\":\"https:\\\/\\\/mbooutdoor.com\\\/\",\"name\":\"MBOOutdoor.com\",\"description\":\"Outdoor &amp; Education, Training voor echte avonturiers\",\"publisher\":{\"@id\":\"https:\\\/\\\/mbooutdoor.com\\\/#organization\"},\"potentialAction\":[{\"@type\":\"SearchAction\",\"target\":{\"@type\":\"EntryPoint\",\"urlTemplate\":\"https:\\\/\\\/mbooutdoor.com\\\/?s={search_term_string}\"},\"query-input\":{\"@type\":\"PropertyValueSpecification\",\"valueRequired\":true,\"valueName\":\"search_term_string\"}}],\"inLanguage\":\"fr-FR\"},{\"@type\":\"Organization\",\"@id\":\"https:\\\/\\\/mbooutdoor.com\\\/#organization\",\"name\":\"Voshaar Outdoor & Education\",\"url\":\"https:\\\/\\\/mbooutdoor.com\\\/\",\"logo\":{\"@type\":\"ImageObject\",\"inLanguage\":\"fr-FR\",\"@id\":\"https:\\\/\\\/mbooutdoor.com\\\/#\\\/schema\\\/logo\\\/image\\\/\",\"url\":\"https:\\\/\\\/mbooutdoor.com\\\/wp-content\\\/uploads\\\/2022\\\/01\\\/nieuwe-logo-rood-transparant.png\",\"contentUrl\":\"https:\\\/\\\/mbooutdoor.com\\\/wp-content\\\/uploads\\\/2022\\\/01\\\/nieuwe-logo-rood-transparant.png\",\"width\":786,\"height\":888,\"caption\":\"Voshaar Outdoor & Education\"},\"image\":{\"@id\":\"https:\\\/\\\/mbooutdoor.com\\\/#\\\/schema\\\/logo\\\/image\\\/\"},\"sameAs\":[\"https:\\\/\\\/www.facebook.com\\\/VoshaarOutdoorandEducation\",\"https:\\\/\\\/www.instagram.com\\\/voshaaroutdoorandeducation\\\/\"]}]}<\/script>\n<!-- \/ Yoast SEO plugin. -->","yoast_head_json":{"title":"3e ann\u00e9e Wilderness - MBOOutdoor.com","robots":{"index":"index","follow":"follow","max-snippet":"max-snippet:-1","max-image-preview":"max-image-preview:large","max-video-preview":"max-video-preview:-1"},"canonical":"https:\/\/mbooutdoor.com\/fr\/3e-jaar-wilderness\/","og_locale":"fr_FR","og_type":"article","og_title":"3e jaar Wilderness - MBOOutdoor.com","og_url":"https:\/\/mbooutdoor.com\/fr\/3e-jaar-wilderness\/","og_site_name":"MBOOutdoor.com","article_publisher":"https:\/\/www.facebook.com\/VoshaarOutdoorandEducation","article_modified_time":"2022-10-29T16:39:43+00:00","og_image":[{"url":"https:\/\/mbooutdoor.com\/wp-content\/uploads\/2022\/04\/dsc_2318.webp","type":"","width":"","height":""}],"twitter_card":"summary_large_image","twitter_misc":{"Dur\u00e9e de lecture estim\u00e9e":"2 minutes"},"schema":{"@context":"https:\/\/schema.org","@graph":[{"@type":"WebPage","@id":"https:\/\/mbooutdoor.com\/3e-jaar-wilderness\/","url":"https:\/\/mbooutdoor.com\/3e-jaar-wilderness\/","name":"3e ann\u00e9e Wilderness - MBOOutdoor.com","isPartOf":{"@id":"https:\/\/mbooutdoor.com\/#website"},"primaryImageOfPage":{"@id":"https:\/\/mbooutdoor.com\/3e-jaar-wilderness\/#primaryimage"},"image":{"@id":"https:\/\/mbooutdoor.com\/3e-jaar-wilderness\/#primaryimage"},"thumbnailUrl":"https:\/\/mbooutdoor.com\/wp-content\/uploads\/2022\/04\/dsc_2318.webp","datePublished":"2015-10-28T14:48:42+00:00","dateModified":"2022-10-29T16:39:43+00:00","breadcrumb":{"@id":"https:\/\/mbooutdoor.com\/3e-jaar-wilderness\/#breadcrumb"},"inLanguage":"fr-FR","potentialAction":[{"@type":"ReadAction","target":["https:\/\/mbooutdoor.com\/3e-jaar-wilderness\/"]}]},{"@type":"ImageObject","inLanguage":"fr-FR","@id":"https:\/\/mbooutdoor.com\/3e-jaar-wilderness\/#primaryimage","url":"https:\/\/mbooutdoor.com\/wp-content\/uploads\/2022\/04\/dsc_2318.webp","contentUrl":"https:\/\/mbooutdoor.com\/wp-content\/uploads\/2022\/04\/dsc_2318.webp"},{"@type":"BreadcrumbList","@id":"https:\/\/mbooutdoor.com\/3e-jaar-wilderness\/#breadcrumb","itemListElement":[{"@type":"ListItem","position":1,"name":"Home","item":"https:\/\/mbooutdoor.com\/"},{"@type":"ListItem","position":2,"name":"3e jaar Wilderness"}]},{"@type":"WebSite","@id":"https:\/\/mbooutdoor.com\/#website","url":"https:\/\/mbooutdoor.com\/","name":"MBOOutdoor.com","description":"Plein air et \u00e9ducation, formation pour les vrais aventuriers","publisher":{"@id":"https:\/\/mbooutdoor.com\/#organization"},"potentialAction":[{"@type":"SearchAction","target":{"@type":"EntryPoint","urlTemplate":"https:\/\/mbooutdoor.com\/?s={search_term_string}"},"query-input":{"@type":"PropertyValueSpecification","valueRequired":true,"valueName":"search_term_string"}}],"inLanguage":"fr-FR"},{"@type":"Organization","@id":"https:\/\/mbooutdoor.com\/#organization","name":"Voshaar Plein air et \u00e9ducation","url":"https:\/\/mbooutdoor.com\/","logo":{"@type":"ImageObject","inLanguage":"fr-FR","@id":"https:\/\/mbooutdoor.com\/#\/schema\/logo\/image\/","url":"https:\/\/mbooutdoor.com\/wp-content\/uploads\/2022\/01\/nieuwe-logo-rood-transparant.png","contentUrl":"https:\/\/mbooutdoor.com\/wp-content\/uploads\/2022\/01\/nieuwe-logo-rood-transparant.png","width":786,"height":888,"caption":"Voshaar Outdoor & Education"},"image":{"@id":"https:\/\/mbooutdoor.com\/#\/schema\/logo\/image\/"},"sameAs":["https:\/\/www.facebook.com\/VoshaarOutdoorandEducation","https:\/\/www.instagram.com\/voshaaroutdoorandeducation\/"]}]}},"_links":{"self":[{"href":"https:\/\/mbooutdoor.com\/fr\/wp-json\/wp\/v2\/pages\/22","targetHints":{"allow":["GET"]}}],"collection":[{"href":"https:\/\/mbooutdoor.com\/fr\/wp-json\/wp\/v2\/pages"}],"about":[{"href":"https:\/\/mbooutdoor.com\/fr\/wp-json\/wp\/v2\/types\/page"}],"author":[{"embeddable":true,"href":"https:\/\/mbooutdoor.com\/fr\/wp-json\/wp\/v2\/users\/4"}],"replies":[{"embeddable":true,"href":"https:\/\/mbooutdoor.com\/fr\/wp-json\/wp\/v2\/comments?post=22"}],"version-history":[{"count":12,"href":"https:\/\/mbooutdoor.com\/fr\/wp-json\/wp\/v2\/pages\/22\/revisions"}],"predecessor-version":[{"id":6367,"href":"https:\/\/mbooutdoor.com\/fr\/wp-json\/wp\/v2\/pages\/22\/revisions\/6367"}],"wp:attachment":[{"href":"https:\/\/mbooutdoor.com\/fr\/wp-json\/wp\/v2\/media?parent=22"}],"curies":[{"name":"wp","href":"https:\/\/api.w.org\/{rel}","templated":true}]}}