{"id":1,"date":"2015-10-28T14:09:14","date_gmt":"2015-10-28T14:09:14","guid":{"rendered":"http:\/\/mbooutdoor.wordpress.com\/?page_id=1"},"modified":"2025-02-04T17:03:27","modified_gmt":"2025-02-04T17:03:27","slug":"over","status":"publish","type":"page","link":"https:\/\/mbooutdoor.com\/fr\/over\/","title":{"rendered":"Aper\u00e7u"},"content":{"rendered":"<div class=\"wpb-content-wrapper\"><div class=\"vc_row wpb_row vc_row-fluid\" ><div class=\"wpb_column vc_column_container vc_col-sm-12\"><div class=\"vc_column-inner\"><div class=\"wpb_wrapper\"><div class=\"vc_btn3-container vc_btn3-inline vc_do_btn\" ><a class=\"vc_general vc_btn3 vc_btn3-size-md vc_btn3-shape-rounded vc_btn3-style-modern vc_btn3-color-grey\" href=\"https:\/\/www.formfinch.com\/server\/409697809\" title=\"\" target=\"_blank\">Formulaire de demande de MBO <\/a><\/div>\n\t<div class=\"wpb_text_column wpb_content_element\" >\n\t\t<div class=\"wpb_wrapper\">\n\t\t\t<p>Voshaar MBO SB Sports de plein air et guidage<\/p>\n<p><!-- \/wp:post-content -->\u00a0<\/p>\n<p><!-- wp:image {\"id\":6183,\"sizeSlug\":\"full\",\"linkDestination\":\"none\"} --><\/p>\n<figure class=\"wp-block-image size-full\"><img loading=\"lazy\" decoding=\"async\" width=\"300\" height=\"230\" class=\"wp-image-6183\" src=\"https:\/\/mbooutdoor.com\/wp-content\/uploads\/2022\/04\/wzv_d5_q5r647wqptt5soyjtuylkqlcb9kpq0odsfem.webp\" alt=\"\" \/><\/figure>\n<p><!-- \/wp:image --><\/p>\n<p><!-- wp:paragraph -->Il s&#039;agit de loin de l&#039;entra\u00eenement en plein air le plus complet aux Pays-Bas et probablement en Europe.<br \/>En 1\u00e8re ann\u00e9e, ils sont form\u00e9s comme instructeur polyvalent et \u00e0 partir de la 2\u00e8me ann\u00e9e, l&#039;\u00e9tudiant est form\u00e9 comme guide de plein air et guide de nature.<\/p>\n<p><!-- \/wp:paragraph -->\u00a0<\/p>\n<p><!-- wp:buttons --><\/p>\n<div class=\"wp-block-buttons\"><!-- wp:button --><\/p>\n<div class=\"wp-block-button\"><a class=\"wp-block-button__link\" href=\"https:\/\/mbooutdoor.com\/index.php\/contact\/\">Contact<\/a><\/div>\n<p><!-- \/wp:button --><\/div>\n<p><!-- \/wp:buttons --><\/p>\n<div class=\"wp-block-buttons\"><!-- \/wp:button --><\/div>\n<p><!-- \/wp:buttons -->\u00a0<\/p>\n<p><!-- wp:image {\"id\":386} --><\/p>\n<figure class=\"wp-block-image\"><\/figure>\n\n\t\t<\/div>\n\t<\/div>\n\n\t<div  class=\"wpb_single_image wpb_content_element vc_align_center wpb_content_element\">\n\t\t\n\t\t<figure class=\"wpb_wrapper vc_figure\">\n\t\t\t<div class=\"vc_single_image-wrapper   vc_box_border_grey\"><img loading=\"lazy\" decoding=\"async\" width=\"845\" height=\"276\" src=\"https:\/\/mbooutdoor.com\/wp-content\/uploads\/2022\/05\/Logo-ministerie-ocw-groot.png\" class=\"vc_single_image-img attachment-full\" alt=\"\" title=\"Logo ocw du minist\u00e8re grand\" srcset=\"https:\/\/mbooutdoor.com\/wp-content\/uploads\/2022\/05\/Logo-ministerie-ocw-groot.png 845w, https:\/\/mbooutdoor.com\/wp-content\/uploads\/2022\/05\/Logo-ministerie-ocw-groot-300x98.png 300w, https:\/\/mbooutdoor.com\/wp-content\/uploads\/2022\/05\/Logo-ministerie-ocw-groot-768x251.png 768w, https:\/\/mbooutdoor.com\/wp-content\/uploads\/2022\/05\/Logo-ministerie-ocw-groot-600x196.png 600w\" sizes=\"auto, (max-width: 845px) 100vw, 845px\" \/><\/div>\n\t\t<\/figure>\n\t<\/div>\n\n\t<div class=\"wpb_text_column wpb_content_element\" >\n\t\t<div class=\"wpb_wrapper\">\n\t\t\t<figure class=\"wp-block-image\"><\/figure>\n<p><!-- \/wp:image -->\u00a0<\/p>\n<p><!-- wp:image {\"id\":6217,\"width\":1150,\"height\":386,\"sizeSlug\":\"large\",\"linkDestination\":\"none\"} --><\/p>\n<figure class=\"wp-block-image size-large is-resized\"><img loading=\"lazy\" decoding=\"async\" class=\"wp-image-6217\" src=\"https:\/\/mbooutdoor.com\/wp-content\/uploads\/2022\/04\/1-scherp-1024x344.jpg\" alt=\"\" width=\"1150\" height=\"386\" srcset=\"https:\/\/mbooutdoor.com\/wp-content\/uploads\/2022\/04\/1-scherp-1024x344.jpg 1024w, https:\/\/mbooutdoor.com\/wp-content\/uploads\/2022\/04\/1-scherp-300x101.jpg 300w, https:\/\/mbooutdoor.com\/wp-content\/uploads\/2022\/04\/1-scherp-768x258.jpg 768w, https:\/\/mbooutdoor.com\/wp-content\/uploads\/2022\/04\/1-scherp-600x202.jpg 600w, https:\/\/mbooutdoor.com\/wp-content\/uploads\/2022\/04\/1-scherp.bmp 1295w\" sizes=\"auto, (max-width: 1150px) 100vw, 1150px\" \/><\/figure>\n<p><!-- \/wp:image -->\u00a0<\/p>\n<p><!-- wp:buttons {\"layout\":{\"type\":\"flex\",\"orientation\":\"vertical\"}} --><\/p>\n<div class=\"wp-block-buttons\"><!-- wp:button --><\/p>\n<div class=\"wp-block-button\"><a class=\"wp-block-button__link\" href=\"https:\/\/mbooutdoor.com\/index.php\/algemene-informatie\/\">Des renseignements g\u00e9n\u00e9raux<\/a><\/div>\n<p><!-- \/wp:button --><\/p>\n<p><!-- wp:button --><\/p>\n<div class=\"wp-block-button\"><a class=\"wp-block-button__link\" href=\"https:\/\/mbooutdoor.com\/index.php\/specialisatie-outdoor\/\">Ext\u00e9rieur<\/a><\/div>\n<p><!-- \/wp:button --><\/p>\n<p><!-- wp:button --><\/p>\n<div class=\"wp-block-button\">\n<p><a class=\"wp-block-button__link\" href=\"https:\/\/mbooutdoor.com\/index.php\/specialisatie-wilderness\/\">R\u00e9gion sauvage<\/a><\/p>\n<p>&nbsp;<\/p>\n<\/div>\n<\/div>\n<p><!-- wp:buttons {\"layout\":{\"type\":\"flex\",\"orientation\":\"vertical\"}} --><\/p>\n<div class=\"wp-block-buttons\"><!-- wp:button --><\/p>\n<div class=\"wp-block-button\"><a class=\"wp-block-button__link\" href=\"https:\/\/mbooutdoor.com\/index.php\/1e-jaar\/\">1 \u00e8re ann\u00e9e<\/a><\/div>\n<p><!-- \/wp:button --><\/p>\n<p><!-- wp:button --><\/p>\n<div class=\"wp-block-button\"><a class=\"wp-block-button__link\" href=\"https:\/\/mbooutdoor.com\/index.php\/2e-jaar-outdoor\/\">Orientations Ext\u00e9rieures 2\u00e8me ann\u00e9e<\/a><\/div>\n<p><!-- \/wp:button --><\/p>\n<p><!-- wp:button --><\/p>\n<div class=\"wp-block-button\"><a class=\"wp-block-button__link\" href=\"https:\/\/mbooutdoor.com\/index.php\/3e-jaar-outdoor\/\">Orientations Ext\u00e9rieures 3\u00e8me ann\u00e9e<\/a><\/div>\n<p><!-- \/wp:button --><\/p>\n<p><!-- wp:button --><\/p>\n<div class=\"wp-block-button\"><a class=\"wp-block-button__link\" href=\"https:\/\/mbooutdoor.com\/index.php\/2e-jaar-wildernis\/\">Directions Wilderness 2\u00e8me ann\u00e9e<\/a><\/div>\n<p><!-- \/wp:button --><\/p>\n<p><!-- wp:button --><\/p>\n<div class=\"wp-block-button\"><a class=\"wp-block-button__link\" href=\"https:\/\/mbooutdoor.com\/index.php\/3e-jaar-wilderness\/\">Directions Wilderness 3\u00e8me ann\u00e9e<\/a><\/div>\n<p><!-- \/wp:button --><\/p>\n<p><!-- wp:button --><\/p>\n<div class=\"wp-block-button\">\u00a0<\/div>\n<p><!-- \/wp:button --><\/p>\n<\/div>\n<p><!-- \/wp:buttons --><\/p>\n<p>&nbsp;<\/p>\n<p><!-- wp:paragraph --><\/p>\n\n\t\t<\/div>\n\t<\/div>\n\n<div class=\"vc_grid-container-wrapper vc_clearfix vc_grid-animation-fadeIn\">\n\t<div class=\"vc_grid-container vc_clearfix wpb_content_element vc_media_grid\" data-initial-loading-animation=\"fadeIn\" data-vc-grid-settings=\"{&quot;page_id&quot;:1,&quot;style&quot;:&quot;all&quot;,&quot;action&quot;:&quot;vc_get_vc_grid_data&quot;,&quot;shortcode_id&quot;:&quot;1738688563856-2b99ea85-8942-0&quot;,&quot;tag&quot;:&quot;vc_media_grid&quot;}\" data-vc-request=\"https:\/\/mbooutdoor.com\/wp-admin\/admin-ajax.php\" data-vc-post-id=\"1\" data-vc-public-nonce=\"02ce899fe0\">\n\t\t\n\t<\/div>\n<\/div><div class=\"vc_empty_space\"   style=\"height: 32px\"><span class=\"vc_empty_space_inner\"><\/span><\/div>\n\t<div class=\"wpb_text_column wpb_content_element\" >\n\t\t<div class=\"wpb_wrapper\">\n\t\t\t<div class=\"wp-block-buttons\">\n<div class=\"wp-block-button\"><a class=\"wp-block-button__link\" href=\"https:\/\/mbooutdoor.com\/fr\/team\/\">\u00c9quipe Voshaar MBO<\/a><\/div>\n<p><!-- \/wp:button --><\/p>\n<p><!-- wp:button --><\/p>\n<div class=\"wp-block-button\"><a class=\"wp-block-button__link\" href=\"https:\/\/mbooutdoor.com\/fr\/de-voshaar-locatie\/\">lieu<\/a><\/div>\n<p><!-- \/wp:button --><\/div>\n<p><!-- \/wp:buttons -->\u00a0<\/p>\n<p><!-- wp:embed {\"url\":\"https:\/\/player.vimeo.com\/video\/643827051?h=0ce5325713\\u0026amp;badge=0\\u0026amp;autopause=0\\u0026amp;player_id=0\\u0026amp;app_id=58479\",\"type\":\"video\",\"providerNameSlug\":\"vimeo\"} --><\/p>\n<figure class=\"wp-block-embed is-type-video is-provider-vimeo wp-block-embed-vimeo\">\n<div class=\"wp-block-embed__wrapper\">\u00a0<\/div>\n<\/figure>\n\n\t\t<\/div>\n\t<\/div>\n<div class=\"vc_empty_space\"   style=\"height: 32px\"><span class=\"vc_empty_space_inner\"><\/span><\/div>\n\t<div class=\"wpb_video_widget wpb_content_element vc_clearfix   vc_video-aspect-ratio-169 vc_video-el-width-70 vc_video-align-center\" >\n\t\t<div class=\"wpb_wrapper\">\n\t\t\t\n\t\t\t<div class=\"wpb_video_wrapper\"><iframe loading=\"lazy\" title=\"Voshaar Plein air et \u00e9ducation 2021\" src=\"https:\/\/player.vimeo.com\/video\/643827051?dnt=1&amp;app_id=122963\" width=\"500\" height=\"281\" frameborder=\"0\" allow=\"autoplay; fullscreen; picture-in-picture\"><\/iframe><\/div>\n\t\t<\/div>\n\t<\/div>\n<\/div><\/div><\/div><\/div><\/div>","protected":false},"excerpt":{"rendered":"Formulaire d&#039;inscription Voshaar MBO Sports de plein air et guidage Il s&#039;agit de loin de la formation en plein air la plus compl\u00e8te des Pays-Bas et probablement d&#039;Europe. En 1re ann\u00e9e, vous serez form\u00e9 en tant qu&#039;instructeur polyvalent et \u00e0 partir de la 2e ann\u00e9e, l&#039;\u00e9tudiant sera form\u00e9 en tant que guide de plein air et guide de nature sauvage. Contact Informations g\u00e9n\u00e9rales Nature sauvage 1re ann\u00e9e 2e ann\u00e9e Itin\u00e9raire en plein air 3e ann\u00e9e Itin\u00e9raire en plein air 2e ann\u00e9e Itin\u00e9raire en nature 3e ann\u00e9e Itin\u00e9raire en nature \u00c9quipe Voshaar MBO Localisation \u00a0 \u00a0","protected":false},"author":4,"featured_media":0,"parent":0,"menu_order":0,"comment_status":"closed","ping_status":"closed","template":"","meta":{"footnotes":""},"class_list":["post-1","page","type-page","status-publish","hentry"],"yoast_head":"<!-- This site is optimized with the Yoast SEO plugin v27.3 - https:\/\/yoast.com\/product\/yoast-seo-wordpress\/ -->\n<title>overzicht - MBOOutdoor.com<\/title>\n<meta name=\"robots\" content=\"index, follow, max-snippet:-1, max-image-preview:large, max-video-preview:-1\" \/>\n<link rel=\"canonical\" href=\"https:\/\/mbooutdoor.com\/fr\/over\/\" \/>\n<meta property=\"og:locale\" content=\"fr_FR\" \/>\n<meta property=\"og:type\" content=\"article\" \/>\n<meta property=\"og:title\" content=\"overzicht - MBOOutdoor.com\" \/>\n<meta property=\"og:url\" content=\"https:\/\/mbooutdoor.com\/fr\/over\/\" \/>\n<meta property=\"og:site_name\" content=\"MBOOutdoor.com\" \/>\n<meta property=\"article:publisher\" content=\"https:\/\/www.facebook.com\/VoshaarOutdoorandEducation\" \/>\n<meta property=\"article:modified_time\" content=\"2025-02-04T17:03:27+00:00\" \/>\n<meta property=\"og:image\" content=\"https:\/\/mbooutdoor.com\/wp-content\/uploads\/2022\/04\/wzv_d5_q5r647wqptt5soyjtuylkqlcb9kpq0odsfem.webp\" \/>\n\t<meta property=\"og:image:width\" content=\"300\" \/>\n\t<meta property=\"og:image:height\" content=\"230\" \/>\n\t<meta property=\"og:image:type\" content=\"image\/webp\" \/>\n<meta name=\"twitter:card\" content=\"summary_large_image\" \/>\n<meta name=\"twitter:label1\" content=\"Dur\u00e9e de lecture estim\u00e9e\" \/>\n\t<meta name=\"twitter:data1\" content=\"4 minutes\" \/>\n<script type=\"application\/ld+json\" class=\"yoast-schema-graph\">{\"@context\":\"https:\\\/\\\/schema.org\",\"@graph\":[{\"@type\":\"WebPage\",\"@id\":\"https:\\\/\\\/mbooutdoor.com\\\/over\\\/\",\"url\":\"https:\\\/\\\/mbooutdoor.com\\\/over\\\/\",\"name\":\"overzicht - MBOOutdoor.com\",\"isPartOf\":{\"@id\":\"https:\\\/\\\/mbooutdoor.com\\\/#website\"},\"primaryImageOfPage\":{\"@id\":\"https:\\\/\\\/mbooutdoor.com\\\/over\\\/#primaryimage\"},\"image\":{\"@id\":\"https:\\\/\\\/mbooutdoor.com\\\/over\\\/#primaryimage\"},\"thumbnailUrl\":\"https:\\\/\\\/mbooutdoor.com\\\/wp-content\\\/uploads\\\/2022\\\/04\\\/wzv_d5_q5r647wqptt5soyjtuylkqlcb9kpq0odsfem.webp\",\"datePublished\":\"2015-10-28T14:09:14+00:00\",\"dateModified\":\"2025-02-04T17:03:27+00:00\",\"breadcrumb\":{\"@id\":\"https:\\\/\\\/mbooutdoor.com\\\/over\\\/#breadcrumb\"},\"inLanguage\":\"fr-FR\",\"potentialAction\":[{\"@type\":\"ReadAction\",\"target\":[\"https:\\\/\\\/mbooutdoor.com\\\/over\\\/\"]}]},{\"@type\":\"ImageObject\",\"inLanguage\":\"fr-FR\",\"@id\":\"https:\\\/\\\/mbooutdoor.com\\\/over\\\/#primaryimage\",\"url\":\"https:\\\/\\\/mbooutdoor.com\\\/wp-content\\\/uploads\\\/2022\\\/04\\\/wzv_d5_q5r647wqptt5soyjtuylkqlcb9kpq0odsfem.webp\",\"contentUrl\":\"https:\\\/\\\/mbooutdoor.com\\\/wp-content\\\/uploads\\\/2022\\\/04\\\/wzv_d5_q5r647wqptt5soyjtuylkqlcb9kpq0odsfem.webp\"},{\"@type\":\"BreadcrumbList\",\"@id\":\"https:\\\/\\\/mbooutdoor.com\\\/over\\\/#breadcrumb\",\"itemListElement\":[{\"@type\":\"ListItem\",\"position\":1,\"name\":\"Home\",\"item\":\"https:\\\/\\\/mbooutdoor.com\\\/\"},{\"@type\":\"ListItem\",\"position\":2,\"name\":\"overzicht\"}]},{\"@type\":\"WebSite\",\"@id\":\"https:\\\/\\\/mbooutdoor.com\\\/#website\",\"url\":\"https:\\\/\\\/mbooutdoor.com\\\/\",\"name\":\"MBOOutdoor.com\",\"description\":\"Outdoor &amp; Education, Training voor echte avonturiers\",\"publisher\":{\"@id\":\"https:\\\/\\\/mbooutdoor.com\\\/#organization\"},\"potentialAction\":[{\"@type\":\"SearchAction\",\"target\":{\"@type\":\"EntryPoint\",\"urlTemplate\":\"https:\\\/\\\/mbooutdoor.com\\\/?s={search_term_string}\"},\"query-input\":{\"@type\":\"PropertyValueSpecification\",\"valueRequired\":true,\"valueName\":\"search_term_string\"}}],\"inLanguage\":\"fr-FR\"},{\"@type\":\"Organization\",\"@id\":\"https:\\\/\\\/mbooutdoor.com\\\/#organization\",\"name\":\"Voshaar Outdoor & Education\",\"url\":\"https:\\\/\\\/mbooutdoor.com\\\/\",\"logo\":{\"@type\":\"ImageObject\",\"inLanguage\":\"fr-FR\",\"@id\":\"https:\\\/\\\/mbooutdoor.com\\\/#\\\/schema\\\/logo\\\/image\\\/\",\"url\":\"https:\\\/\\\/mbooutdoor.com\\\/wp-content\\\/uploads\\\/2022\\\/01\\\/nieuwe-logo-rood-transparant.png\",\"contentUrl\":\"https:\\\/\\\/mbooutdoor.com\\\/wp-content\\\/uploads\\\/2022\\\/01\\\/nieuwe-logo-rood-transparant.png\",\"width\":786,\"height\":888,\"caption\":\"Voshaar Outdoor & Education\"},\"image\":{\"@id\":\"https:\\\/\\\/mbooutdoor.com\\\/#\\\/schema\\\/logo\\\/image\\\/\"},\"sameAs\":[\"https:\\\/\\\/www.facebook.com\\\/VoshaarOutdoorandEducation\",\"https:\\\/\\\/www.instagram.com\\\/voshaaroutdoorandeducation\\\/\"]}]}<\/script>\n<!-- \/ Yoast SEO plugin. -->","yoast_head_json":{"title":"Aper\u00e7u - MBOOutdoor.com","robots":{"index":"index","follow":"follow","max-snippet":"max-snippet:-1","max-image-preview":"max-image-preview:large","max-video-preview":"max-video-preview:-1"},"canonical":"https:\/\/mbooutdoor.com\/fr\/over\/","og_locale":"fr_FR","og_type":"article","og_title":"overzicht - MBOOutdoor.com","og_url":"https:\/\/mbooutdoor.com\/fr\/over\/","og_site_name":"MBOOutdoor.com","article_publisher":"https:\/\/www.facebook.com\/VoshaarOutdoorandEducation","article_modified_time":"2025-02-04T17:03:27+00:00","og_image":[{"width":300,"height":230,"url":"https:\/\/mbooutdoor.com\/wp-content\/uploads\/2022\/04\/wzv_d5_q5r647wqptt5soyjtuylkqlcb9kpq0odsfem.webp","type":"image\/webp"}],"twitter_card":"summary_large_image","twitter_misc":{"Dur\u00e9e de lecture estim\u00e9e":"4 minutes"},"schema":{"@context":"https:\/\/schema.org","@graph":[{"@type":"WebPage","@id":"https:\/\/mbooutdoor.com\/over\/","url":"https:\/\/mbooutdoor.com\/over\/","name":"Aper\u00e7u - MBOOutdoor.com","isPartOf":{"@id":"https:\/\/mbooutdoor.com\/#website"},"primaryImageOfPage":{"@id":"https:\/\/mbooutdoor.com\/over\/#primaryimage"},"image":{"@id":"https:\/\/mbooutdoor.com\/over\/#primaryimage"},"thumbnailUrl":"https:\/\/mbooutdoor.com\/wp-content\/uploads\/2022\/04\/wzv_d5_q5r647wqptt5soyjtuylkqlcb9kpq0odsfem.webp","datePublished":"2015-10-28T14:09:14+00:00","dateModified":"2025-02-04T17:03:27+00:00","breadcrumb":{"@id":"https:\/\/mbooutdoor.com\/over\/#breadcrumb"},"inLanguage":"fr-FR","potentialAction":[{"@type":"ReadAction","target":["https:\/\/mbooutdoor.com\/over\/"]}]},{"@type":"ImageObject","inLanguage":"fr-FR","@id":"https:\/\/mbooutdoor.com\/over\/#primaryimage","url":"https:\/\/mbooutdoor.com\/wp-content\/uploads\/2022\/04\/wzv_d5_q5r647wqptt5soyjtuylkqlcb9kpq0odsfem.webp","contentUrl":"https:\/\/mbooutdoor.com\/wp-content\/uploads\/2022\/04\/wzv_d5_q5r647wqptt5soyjtuylkqlcb9kpq0odsfem.webp"},{"@type":"BreadcrumbList","@id":"https:\/\/mbooutdoor.com\/over\/#breadcrumb","itemListElement":[{"@type":"ListItem","position":1,"name":"Home","item":"https:\/\/mbooutdoor.com\/"},{"@type":"ListItem","position":2,"name":"overzicht"}]},{"@type":"WebSite","@id":"https:\/\/mbooutdoor.com\/#website","url":"https:\/\/mbooutdoor.com\/","name":"MBOOutdoor.com","description":"Plein air et \u00e9ducation, formation pour les vrais aventuriers","publisher":{"@id":"https:\/\/mbooutdoor.com\/#organization"},"potentialAction":[{"@type":"SearchAction","target":{"@type":"EntryPoint","urlTemplate":"https:\/\/mbooutdoor.com\/?s={search_term_string}"},"query-input":{"@type":"PropertyValueSpecification","valueRequired":true,"valueName":"search_term_string"}}],"inLanguage":"fr-FR"},{"@type":"Organization","@id":"https:\/\/mbooutdoor.com\/#organization","name":"Voshaar Plein air et \u00e9ducation","url":"https:\/\/mbooutdoor.com\/","logo":{"@type":"ImageObject","inLanguage":"fr-FR","@id":"https:\/\/mbooutdoor.com\/#\/schema\/logo\/image\/","url":"https:\/\/mbooutdoor.com\/wp-content\/uploads\/2022\/01\/nieuwe-logo-rood-transparant.png","contentUrl":"https:\/\/mbooutdoor.com\/wp-content\/uploads\/2022\/01\/nieuwe-logo-rood-transparant.png","width":786,"height":888,"caption":"Voshaar Outdoor & Education"},"image":{"@id":"https:\/\/mbooutdoor.com\/#\/schema\/logo\/image\/"},"sameAs":["https:\/\/www.facebook.com\/VoshaarOutdoorandEducation","https:\/\/www.instagram.com\/voshaaroutdoorandeducation\/"]}]}},"_links":{"self":[{"href":"https:\/\/mbooutdoor.com\/fr\/wp-json\/wp\/v2\/pages\/1","targetHints":{"allow":["GET"]}}],"collection":[{"href":"https:\/\/mbooutdoor.com\/fr\/wp-json\/wp\/v2\/pages"}],"about":[{"href":"https:\/\/mbooutdoor.com\/fr\/wp-json\/wp\/v2\/types\/page"}],"author":[{"embeddable":true,"href":"https:\/\/mbooutdoor.com\/fr\/wp-json\/wp\/v2\/users\/4"}],"replies":[{"embeddable":true,"href":"https:\/\/mbooutdoor.com\/fr\/wp-json\/wp\/v2\/comments?post=1"}],"version-history":[{"count":17,"href":"https:\/\/mbooutdoor.com\/fr\/wp-json\/wp\/v2\/pages\/1\/revisions"}],"predecessor-version":[{"id":6482,"href":"https:\/\/mbooutdoor.com\/fr\/wp-json\/wp\/v2\/pages\/1\/revisions\/6482"}],"wp:attachment":[{"href":"https:\/\/mbooutdoor.com\/fr\/wp-json\/wp\/v2\/media?parent=1"}],"curies":[{"name":"wp","href":"https:\/\/api.w.org\/{rel}","templated":true}]}}